{"id":6951,"date":"2023-02-20T17:37:55","date_gmt":"2023-02-20T16:37:55","guid":{"rendered":"https:\/\/le-brin-dolivier.fr\/range-complements\/"},"modified":"2026-04-21T13:51:58","modified_gmt":"2026-04-21T11:51:58","slug":"range-complements","status":"publish","type":"page","link":"https:\/\/le-brin-dolivier.fr\/en\/range-complements\/","title":{"rendered":"Complementary ranges"},"content":{"rendered":"<p>[et_pb_section fb_built=&#8221;1&#8243; admin_label=&#8221;Header&#8221; _builder_version=&#8221;4.19.2&#8243; background_color=&#8221;#34545a&#8221; background_image=&#8221;https:\/\/le-brin-dolivier.fr\/wp-content\/uploads\/2023\/02\/b11003292996ab33e3aa7b19b27e4ab7@2x.png&#8221; parallax=&#8221;on&#8221; custom_margin=&#8221;||||false&#8221; custom_padding=&#8221;11vw||11vw||true|false&#8221; bottom_divider_style=&#8221;curve&#8221; bottom_divider_color=&#8221;#ffffff&#8221; bottom_divider_height=&#8221;6vw&#8221; global_colors_info=&#8221;{}&#8221;][et_pb_row _builder_version=&#8221;4.16&#8243; background_size=&#8221;contain&#8221; animation_style=&#8221;zoom&#8221; animation_intensity_zoom=&#8221;10%&#8221; global_colors_info=&#8221;{}&#8221;][et_pb_column type=&#8221;4_4&#8243; _builder_version=&#8221;4.16&#8243; custom_padding=&#8221;|||&#8221; global_colors_info=&#8221;{}&#8221; custom_padding__hover=&#8221;|||&#8221;][et_pb_text _builder_version=&#8221;4.16&#8243; text_font=&#8221;||||||||&#8221; text_font_size=&#8221;21px&#8221; header_font=&#8221;|600|||||||&#8221; header_font_size=&#8221;22px&#8221; header_letter_spacing=&#8221;3px&#8221; header_line_height=&#8221;1.3em&#8221; header_2_font=&#8221;||||||||&#8221; header_2_font_size=&#8221;75px&#8221; header_2_letter_spacing=&#8221;5px&#8221; header_2_line_height=&#8221;1.4em&#8221; header_3_font=&#8221;||||||||&#8221; text_orientation=&#8221;center&#8221; background_layout=&#8221;dark&#8221; header_font_size_tablet=&#8221;&#8221; header_font_size_phone=&#8221;12px&#8221; header_font_size_last_edited=&#8221;on|desktop&#8221; header_2_font_size_tablet=&#8221;50px&#8221; header_2_font_size_phone=&#8221;30px&#8221; header_2_font_size_last_edited=&#8221;on|desktop&#8221; text_text_shadow_style=&#8221;preset3&#8243; text_text_shadow_blur_strength=&#8221;0.65em&#8221; header_text_shadow_style=&#8221;preset3&#8243; header_2_text_shadow_style=&#8221;preset3&#8243; header_2_text_shadow_blur_strength=&#8221;0.27em&#8221; header_2_text_shadow_color=&#8221;rgba(0,0,0,0.6)&#8221; global_colors_info=&#8221;{}&#8221;]<\/p>\n<p>OUR PRODUCTS<\/p>\n<h2>Complementary Ranges<\/h2>\n<p>[\/et_pb_text][et_pb_text _builder_version=&#8221;4.27.5&#8243; _module_preset=&#8221;default&#8221; custom_margin=&#8221;||5px|||&#8221; custom_padding=&#8221;||0px|||&#8221; global_colors_info=&#8221;{}&#8221;]<\/p>\n<h2 style=\"text-align: center;\"><span style=\"color: #ffffff;\"><strong>You are a business<\/strong><\/span><\/h2>\n<p>[\/et_pb_text][et_pb_button button_url=&#8221;https:\/\/www.faire.com\/user\/sign-up?fdb=lebrindolivier&#8221; button_text=&#8221;Order here&#8221; button_alignment=&#8221;center&#8221; _builder_version=&#8221;4.27.5&#8243; _module_preset=&#8221;default&#8221; custom_button=&#8221;on&#8221; button_text_color=&#8221;#FFFFFF&#8221; button_bg_color=&#8221;#006032&#8243; button_border_color=&#8221;RGBA(255,255,255,0)&#8221; global_colors_info=&#8221;{}&#8221;][\/et_pb_button][\/et_pb_column][\/et_pb_row][\/et_pb_section][et_pb_section fb_built=&#8221;1&#8243; _builder_version=&#8221;4.27.6&#8243; _module_preset=&#8221;default&#8221; background_color=&#8221;#FFFFFF&#8221; global_colors_info=&#8221;{}&#8221; locked=&#8221;off&#8221;][et_pb_row column_structure=&#8221;1_2,1_2&#8243; _builder_version=&#8221;4.19.2&#8243; _module_preset=&#8221;default&#8221; custom_margin=&#8221;56px|auto||242px||&#8221; custom_padding=&#8221;26px||0px|||&#8221; global_colors_info=&#8221;{}&#8221;][et_pb_column type=&#8221;1_2&#8243; _builder_version=&#8221;4.19.2&#8243; _module_preset=&#8221;default&#8221; global_colors_info=&#8221;{}&#8221;][et_pb_text _builder_version=&#8221;4.27.6&#8243; _module_preset=&#8221;default&#8221; custom_margin=&#8221;72px|-23px||||&#8221; custom_padding=&#8221;2px|56px||||&#8221; hover_enabled=&#8221;0&#8243; global_colors_info=&#8221;{}&#8221; sticky_enabled=&#8221;0&#8243;]<\/p>\n<h2><span style=\"font-size: xx-large;\"><strong>Our caviars<\/strong><\/span><\/h2>\n<p><em>Aka les d\u00e9licieuses<\/em><\/p>\n<p>Whether made with aubergines or sun-dried tomatoes, our caviars are prepared using carefully selected ingredients and enhanced by Nyons PDO olive oil, an exceptional oil produced in limited quantities in the heart of Dr\u00f4me Proven\u00e7ale. Mild and rich, these homemade spreads are just as delicious on a slice of toast as they are as an accompaniment to a sunny meal. Artisanal expertise, traceable origins, a flavour that speaks of the region.<\/p>\n<p>[\/et_pb_text][\/et_pb_column][et_pb_column type=&#8221;1_2&#8243; _builder_version=&#8221;4.19.2&#8243; _module_preset=&#8221;default&#8221; global_colors_info=&#8221;{}&#8221;][et_pb_image src=&#8221;https:\/\/le-brin-dolivier.fr\/wp-content\/uploads\/2026\/04\/Caviars-aubergine-tomates-sechees-Le-Brin-dOlivier-scaled.webp&#8221; alt=&#8221;Tapenades olives Le Brin D&#8217;olivier&#8221; title_text=&#8221;Caviars aubergine tomates s\u00e9ch\u00e9es Le Brin d&#8217;Olivier&#8221; align=&#8221;center&#8221; _builder_version=&#8221;4.27.6&#8243; _module_preset=&#8221;default&#8221; background_image=&#8221;https:\/\/le-brin-dolivier.fr\/wp-content\/uploads\/2023\/02\/Ellipse-3@2x.png&#8221; background_size=&#8221;contain&#8221; hover_enabled=&#8221;0&#8243; global_colors_info=&#8221;{}&#8221; custom_padding=&#8221;14px|||0px||&#8221; custom_margin=&#8221;|||-44px||&#8221; sticky_enabled=&#8221;0&#8243;][\/et_pb_image][\/et_pb_column][\/et_pb_row][\/et_pb_section][et_pb_section fb_built=&#8221;1&#8243; _builder_version=&#8221;4.20.0&#8243; _module_preset=&#8221;default&#8221; background_color=&#8221;RGBA(255,255,255,0)&#8221; custom_margin=&#8221;120px||105px|||&#8221; global_colors_info=&#8221;{}&#8221; locked=&#8221;off&#8221;][et_pb_row column_structure=&#8221;1_2,1_2&#8243; _builder_version=&#8221;4.19.2&#8243; _module_preset=&#8221;default&#8221; custom_margin=&#8221;-4px|auto||auto||&#8221; custom_padding=&#8221;||63px|||&#8221; global_colors_info=&#8221;{}&#8221;][et_pb_column type=&#8221;1_2&#8243; _builder_version=&#8221;4.19.2&#8243; _module_preset=&#8221;default&#8221; global_colors_info=&#8221;{}&#8221;][et_pb_image src=&#8221;https:\/\/le-brin-dolivier.fr\/wp-content\/uploads\/2026\/04\/Tapenades-olives-Le-BrIn-Dolivier-scaled.webp&#8221; alt=&#8221;Tapenades olives Le Brin D&#8217;olivier&#8221; title_text=&#8221;Tapenades olives Le BrIn Dolivier&#8221; align=&#8221;center&#8221; _builder_version=&#8221;4.27.6&#8243; _module_preset=&#8221;default&#8221; background_image=&#8221;https:\/\/le-brin-dolivier.fr\/wp-content\/uploads\/2023\/02\/Ellipse-3@2x.png&#8221; background_size=&#8221;contain&#8221; global_colors_info=&#8221;{}&#8221;][\/et_pb_image][\/et_pb_column][et_pb_column type=&#8221;1_2&#8243; _builder_version=&#8221;4.19.2&#8243; _module_preset=&#8221;default&#8221; global_colors_info=&#8221;{}&#8221;][et_pb_text _builder_version=&#8221;4.27.6&#8243; _module_preset=&#8221;default&#8221; custom_padding=&#8221;106px|||||&#8221; hover_enabled=&#8221;0&#8243; global_colors_info=&#8221;{}&#8221; sticky_enabled=&#8221;0&#8243;]<\/p>\n<h2><span style=\"font-size: xx-large;\"><strong>Our Green and Black Tapenades<\/strong><\/span><\/h2>\n<p><em>Aka Les Gourmandes<\/em><\/p>\n<p>The risk&#8230; is to be full after the aperitif! Made from 100% French olives, with notes of anchovies, capers, olive oil, lemon juice, basil, herbes de Provence and spices&#8230; We&#8217;re salivating just talking about them! So all we can say is: &#8220;Ap\u00e9\u00e9\u00e9rooo&#8221;!<\/p>\n<p>[\/et_pb_text][\/et_pb_column][\/et_pb_row][\/et_pb_section][et_pb_section fb_built=&#8221;1&#8243; _builder_version=&#8221;4.19.2&#8243; _module_preset=&#8221;default&#8221; global_colors_info=&#8221;{}&#8221;][et_pb_row column_structure=&#8221;1_2,1_2&#8243; _builder_version=&#8221;4.19.2&#8243; _module_preset=&#8221;default&#8221; global_colors_info=&#8221;{}&#8221;][et_pb_column type=&#8221;1_2&#8243; _builder_version=&#8221;4.19.2&#8243; _module_preset=&#8221;default&#8221; global_colors_info=&#8221;{}&#8221;][et_pb_text _builder_version=&#8221;4.27.5&#8243; _module_preset=&#8221;default&#8221; custom_margin=&#8221;72px|||||&#8221; custom_padding=&#8221;2px|||||&#8221; global_colors_info=&#8221;{}&#8221;]<\/p>\n<h2><span style=\"font-size: xx-large;\"><strong>French Olive Oils :<br \/>Picholne and Nyon PDO<\/strong><\/span><\/h2>\n<p><em>Aka La Silencieuse<\/em><\/p>\n<p>What can we say except that it&#8217;s 100% French? What can we say except that we can&#8217;t help but love it? What can we say, except that it&#8217;s produced by great local producers? What&#8217;s there to say? Nothing, you\u2019ll just have to taste it.<\/p>\n<p>[\/et_pb_text][\/et_pb_column][et_pb_column type=&#8221;1_2&#8243; _builder_version=&#8221;4.19.2&#8243; _module_preset=&#8221;default&#8221; global_colors_info=&#8221;{}&#8221;][et_pb_image src=&#8221;https:\/\/le-brin-dolivier.fr\/wp-content\/uploads\/2023\/02\/Image-24.png&#8221; title_text=&#8221;Image 24&#8243; align=&#8221;center&#8221; _builder_version=&#8221;4.20.0&#8243; _module_preset=&#8221;default&#8221; transform_scale=&#8221;74%|74%&#8221; transform_scale_tablet=&#8221;74%|74%&#8221; transform_scale_phone=&#8221;54%|54%&#8221; transform_scale_last_edited=&#8221;on|phone&#8221; transform_translate_tablet=&#8221;&#8221; transform_translate_phone=&#8221;&#8221; transform_translate_last_edited=&#8221;on|desktop&#8221; transform_rotate_tablet=&#8221;&#8221; transform_rotate_phone=&#8221;&#8221; transform_rotate_last_edited=&#8221;on|desktop&#8221; transform_skew_tablet=&#8221;&#8221; transform_skew_phone=&#8221;&#8221; transform_skew_last_edited=&#8221;on|desktop&#8221; transform_origin=&#8221;50%|93%&#8221; transform_origin_tablet=&#8221;50%|93%&#8221; transform_origin_phone=&#8221;50%|93%&#8221; transform_origin_last_edited=&#8221;on|desktop&#8221; transform_styles_last_edited=&#8221;on|phone&#8221; custom_margin=&#8221;-252px|||||&#8221; custom_padding=&#8221;0px|||||&#8221; transform_styles_tablet=&#8221;&#8221; transform_styles_phone=&#8221;&#8221; global_colors_info=&#8221;{}&#8221;][\/et_pb_image][\/et_pb_column][\/et_pb_row][\/et_pb_section][et_pb_section fb_built=&#8221;1&#8243; _builder_version=&#8221;4.20.0&#8243; _module_preset=&#8221;default&#8221; background_color=&#8221;#fdfbf0&#8243; custom_margin=&#8221;-2px|||||&#8221; locked=&#8221;off&#8221; global_colors_info=&#8221;{}&#8221;][et_pb_row column_structure=&#8221;1_2,1_2&#8243; _builder_version=&#8221;4.19.2&#8243; _module_preset=&#8221;default&#8221; custom_padding=&#8221;||54px|||&#8221; global_colors_info=&#8221;{}&#8221;][et_pb_column type=&#8221;1_2&#8243; _builder_version=&#8221;4.19.2&#8243; _module_preset=&#8221;default&#8221; global_colors_info=&#8221;{}&#8221;][et_pb_image src=&#8221;https:\/\/le-brin-dolivier.fr\/wp-content\/uploads\/2026\/04\/Huile-dolive-Le-Brin-dOlivier-2.webp&#8221; alt=&#8221;Bouteille et bidons Huile d&#8217;olive Le Brin d&#8217;Olivier&#8221; title_text=&#8221;Huile d&#8217;olive Le Brin d&#8217;Olivier&#8221; align=&#8221;center&#8221; _builder_version=&#8221;4.27.6&#8243; _module_preset=&#8221;default&#8221; background_image=&#8221;https:\/\/le-brin-dolivier.fr\/wp-content\/uploads\/2023\/02\/Ellipse-3@2x.png&#8221; background_size=&#8221;contain&#8221; transform_scale=&#8221;90%|90%&#8221; custom_margin=&#8221;35px|||||&#8221; global_colors_info=&#8221;{}&#8221;][\/et_pb_image][\/et_pb_column][et_pb_column type=&#8221;1_2&#8243; _builder_version=&#8221;4.19.2&#8243; _module_preset=&#8221;default&#8221; global_colors_info=&#8221;{}&#8221;][et_pb_text _builder_version=&#8221;4.27.5&#8243; _module_preset=&#8221;default&#8221; custom_margin=&#8221;88px|||46px||&#8221; custom_padding=&#8221;|0px||||&#8221; global_colors_info=&#8221;{}&#8221;]<\/p>\n<h2><span style=\"font-size: xx-large;\"><strong>Mediterranean Olive Oil<\/strong><\/span><\/h2>\n<p><em>Aka L\u2019Extra<\/em><\/p>\n<p style=\"text-align: left;\">Extra virgin, extra natural, extra large, extra fresh! Mediterranean olive oil, selected from European producers, made directly from olives using only mechanical processes, has everything extra! Available in 1L, 3L or 5L formats for extraaa pleasure.<\/p>\n<p>[\/et_pb_text][\/et_pb_column][\/et_pb_row][\/et_pb_section][et_pb_section fb_built=&#8221;1&#8243; _builder_version=&#8221;4.20.0&#8243; background_color=&#8221;#006032&#8243; min_height=&#8221;319.5px&#8221; custom_margin=&#8221;-6px|||||&#8221; custom_padding=&#8221;35px|0px|0px|0px|false|false&#8221; background_color_gradient_stops_tablet=&#8221;#003a1d 0%|#006032 100%&#8221; background_color_gradient_stops_phone=&#8221;#003a1d 0%|#006032 100%&#8221; saved_tabs=&#8221;all&#8221; locked=&#8221;off&#8221; collapsed=&#8221;off&#8221; global_colors_info=&#8221;{}&#8221;][et_pb_row column_structure=&#8221;1_5,1_5,1_5,1_5,1_5&#8243; _builder_version=&#8221;4.20.0&#8243; _module_preset=&#8221;default&#8221; background_color=&#8221;#006032&#8243; custom_margin=&#8221;-27px|auto||auto||&#8221; custom_padding=&#8221;57px|||||&#8221; global_colors_info=&#8221;{}&#8221;][et_pb_column type=&#8221;1_5&#8243; _builder_version=&#8221;4.20.0&#8243; _module_preset=&#8221;default&#8221; global_colors_info=&#8221;{}&#8221;][et_pb_text _builder_version=&#8221;4.20.0&#8243; _module_preset=&#8221;default&#8221; global_colors_info=&#8221;{}&#8221;]<\/p>\n<p><img decoding=\"async\" class=\"alignnone size-full wp-image-497\" src=\"https:\/\/le-brin-dolivier.fr\/wp-content\/uploads\/2019\/04\/kisspng-olive-oil-greek-salad-stock-photography-green-olives-5a68da1f512bf3.9272539215168210233325.png\" alt=\"\" width=\"150\" height=\"106\"><\/p>\n<p>[\/et_pb_text][\/et_pb_column][et_pb_column type=&#8221;1_5&#8243; _builder_version=&#8221;4.20.0&#8243; _module_preset=&#8221;default&#8221; global_colors_info=&#8221;{}&#8221;][et_pb_text _builder_version=&#8221;4.27.4&#8243; _module_preset=&#8221;default&#8221; global_colors_info=&#8221;{}&#8221;]<\/p>\n<h2><span style=\"color: #ffffff;\">Address<\/span><\/h2>\n<p><span style=\"color: #ffffff; font-family: arial, helvetica, sans-serif;\">Le Brin d&#8217;Olivier<\/span><\/p>\n<p><span style=\"color: #ffffff; font-family: arial, helvetica, sans-serif;\">355 rue du Dr Dion<\/span><\/p>\n<p><span style=\"color: #ffffff; font-family: arial, helvetica, sans-serif;\">ZA Les Laurons<\/span><\/p>\n<p><span style=\"color: #ffffff; font-family: arial, helvetica, sans-serif;\">26110 Nyons<\/span><\/p>\n<p>[\/et_pb_text][\/et_pb_column][et_pb_column type=&#8221;1_5&#8243; _builder_version=&#8221;4.20.0&#8243; _module_preset=&#8221;default&#8221; global_colors_info=&#8221;{}&#8221;][et_pb_divider _builder_version=&#8221;4.20.0&#8243; _module_preset=&#8221;default&#8221; background_color=&#8221;RGBA(255,255,255,0)&#8221; global_colors_info=&#8221;{}&#8221;][\/et_pb_divider][\/et_pb_column][et_pb_column type=&#8221;1_5&#8243; _builder_version=&#8221;4.20.0&#8243; _module_preset=&#8221;default&#8221; global_colors_info=&#8221;{}&#8221;][et_pb_text _builder_version=&#8221;4.27.5&#8243; _module_preset=&#8221;default&#8221; global_colors_info=&#8221;{}&#8221;]<\/p>\n<h2><span style=\"color: #ffffff;\">Useful links<\/span><\/h2>\n<p><a href=\"https:\/\/le-brin-dolivier.fr\/politique-de-confidentialite\/\"><span style=\"font-family: arial, helvetica, sans-serif; font-size: 12pt; color: #ffffff;\">Privacy policy<\/span><\/a><\/p>\n<p><a href=\"https:\/\/le-brin-dolivier.fr\/en\/legal-notice\/\"><span style=\"font-family: arial, helvetica, sans-serif; font-size: 12pt; color: #ffffff;\">Legal Notice<\/span><\/a><\/p>\n<p><a href=\"https:\/\/le-brin-dolivier.fr\/en\/contact-us\/\"><span style=\"font-family: arial, helvetica, sans-serif; font-size: 12pt; color: #ffffff;\">Contact us<\/span><\/a><\/p>\n<p><a href=\"https:\/\/le-brin-dolivier.fr\/en\/qa\/\"><span style=\"font-family: arial, helvetica, sans-serif; font-size: 12pt; color: #ffffff;\">Q&amp;A<\/span><\/a><\/p>\n<p>[\/et_pb_text][\/et_pb_column][et_pb_column type=&#8221;1_5&#8243; _builder_version=&#8221;4.20.0&#8243; _module_preset=&#8221;default&#8221; global_colors_info=&#8221;{}&#8221;][et_pb_text _builder_version=&#8221;4.20.0&#8243; _module_preset=&#8221;default&#8221; global_colors_info=&#8221;{}&#8221;]<\/p>\n<h2><span style=\"color: #ffffff;\">Follow us<\/span><\/h2>\n<p><a href=\"https:\/\/www.linkedin.com\/company\/10414564\/admin\/\"><img decoding=\"async\" class=\"alignnone wp-image-5536\" src=\"https:\/\/le-brin-dolivier.fr\/wp-content\/uploads\/2023\/04\/1-1-300x300.png\" alt=\"\" width=\"27\" height=\"27\"><\/a> <a href=\"https:\/\/www.facebook.com\/profile.php?id=100028409423726\"><img decoding=\"async\" class=\"alignnone wp-image-5537\" src=\"https:\/\/le-brin-dolivier.fr\/wp-content\/uploads\/2023\/04\/2-1-300x300.png\" alt=\"\" width=\"27\" height=\"27\"><\/a> <a href=\"https:\/\/www.instagram.com\/lebrindolivier\/\"><img decoding=\"async\" class=\"alignnone wp-image-5538\" src=\"https:\/\/le-brin-dolivier.fr\/wp-content\/uploads\/2023\/04\/3-1-300x300.png\" alt=\"\" width=\"28\" height=\"28\"><\/a><\/p>\n<p>&nbsp;<\/p>\n<p>[\/et_pb_text][\/et_pb_column][\/et_pb_row][\/et_pb_section]<\/p>\n","protected":false},"excerpt":{"rendered":"<p>OUR PRODUCTS Complementary RangesYou are a businessOur caviars Aka les d\u00e9licieuses Whether made with aubergines or sun-dried tomatoes, our caviars are prepared using carefully selected ingredients and enhanced by Nyons PDO olive oil, an exceptional oil produced in limited quantities in the heart of Dr\u00f4me Proven\u00e7ale. Mild and rich, these homemade spreads are just as [&hellip;]<\/p>\n","protected":false},"author":1,"featured_media":0,"parent":0,"menu_order":0,"comment_status":"closed","ping_status":"closed","template":"","meta":{"_et_pb_use_builder":"on","_et_pb_old_content":"","_et_gb_content_width":"","footnotes":""},"class_list":["post-6951","page","type-page","status-publish","hentry"],"_links":{"self":[{"href":"https:\/\/le-brin-dolivier.fr\/en\/wp-json\/wp\/v2\/pages\/6951","targetHints":{"allow":["GET"]}}],"collection":[{"href":"https:\/\/le-brin-dolivier.fr\/en\/wp-json\/wp\/v2\/pages"}],"about":[{"href":"https:\/\/le-brin-dolivier.fr\/en\/wp-json\/wp\/v2\/types\/page"}],"author":[{"embeddable":true,"href":"https:\/\/le-brin-dolivier.fr\/en\/wp-json\/wp\/v2\/users\/1"}],"replies":[{"embeddable":true,"href":"https:\/\/le-brin-dolivier.fr\/en\/wp-json\/wp\/v2\/comments?post=6951"}],"version-history":[{"count":11,"href":"https:\/\/le-brin-dolivier.fr\/en\/wp-json\/wp\/v2\/pages\/6951\/revisions"}],"predecessor-version":[{"id":8548,"href":"https:\/\/le-brin-dolivier.fr\/en\/wp-json\/wp\/v2\/pages\/6951\/revisions\/8548"}],"wp:attachment":[{"href":"https:\/\/le-brin-dolivier.fr\/en\/wp-json\/wp\/v2\/media?parent=6951"}],"curies":[{"name":"wp","href":"https:\/\/api.w.org\/{rel}","templated":true}]}}